{"id":13406,"date":"2022-06-14T12:58:40","date_gmt":"2022-06-14T10:58:40","guid":{"rendered":"https:\/\/www.serinol.com\/informacion-legal\/"},"modified":"2022-06-24T18:18:38","modified_gmt":"2022-06-24T16:18:38","slug":"informacion-legal","status":"publish","type":"page","link":"https:\/\/www.serinol.com\/es\/informacion-legal\/","title":{"rendered":"Informaci\u00f3n legal"},"content":{"rendered":"\t\t<div data-elementor-type=\"wp-page\" data-elementor-id=\"13406\" class=\"elementor elementor-13406 elementor-2337\" data-elementor-post-type=\"page\">\n\t\t\t\t\t\t<section class=\"elementor-section elementor-top-section elementor-element elementor-element-4705e38c elementor-section-boxed elementor-section-height-default elementor-section-height-default\" data-id=\"4705e38c\" data-element_type=\"section\" data-e-type=\"section\">\n\t\t\t\t\t\t<div class=\"elementor-container elementor-column-gap-default\">\n\t\t\t\t\t<div class=\"elementor-column elementor-col-100 elementor-top-column elementor-element elementor-element-63140111\" data-id=\"63140111\" data-element_type=\"column\" data-e-type=\"column\">\n\t\t\t<div class=\"elementor-widget-wrap elementor-element-populated\">\n\t\t\t\t\t\t<div class=\"elementor-element elementor-element-55cba302 elementor-widget elementor-widget-text-editor\" data-id=\"55cba302\" data-element_type=\"widget\" data-e-type=\"widget\" data-widget_type=\"text-editor.default\">\n\t\t\t\t<div class=\"elementor-widget-container\">\n\t\t\t\t\t\t\t\t\t          <h1 style=\"text-align: center;\">\r\n            <strong> Informaci\u00f3n legal<\/strong>\r\n          <\/h1>\r\n          <p> <\/p>\r\n          <p> <\/p>\r\n          <p>Gracias por visitar <a href=\"http:\/\/www.serinol.com\">www.serinol.com<\/a><\/p>\r\n          <p>A continuaci\u00f3n encontrar\u00e1 nuestra pol\u00edtica sobre el tratamiento de datos personales. Le recomendamos encarecidamente que lo lea, al visitar este sitio acepta las pr\u00e1cticas que detallamos y se adhiere a los t\u00e9rminos y condiciones que se establecen a continuaci\u00f3n. <\/p>\r\n          <p>El sitio web <a href=\"http:\/\/www.serinol.com\">www.serinol.com<\/a> est\u00e1 destinado a la informaci\u00f3n personal de los usuarios de Internet.<\/p>\r\n          <h4>Informaci\u00f3n general:<\/h4>\r\n          <p>Este sitio es propiedad de SERINOL<br>Sede social: SERINOL &#8211; 65, avenue Ernest-L\u00e9otard, 11150 BRAM, FRANCIA<br>Este sitio fue creado por: <a href=\"https:\/\/www.luxurybrands.digital\/\" target=\"_blank\" rel=\"noopener\">Luxurybrands.digital<\/a><br>Este sitio es mantenido por : OVH<br>Este sitio est\u00e1 alojado en : OVH , 2 rue Kellerman, Roubaix 59100<br>Contacto: 0522260086<\/p>\r\n          <div id=\"yui_3_10_0_1_1619447273792_343\" class=\"col hoo\">\r\n            <div id=\"yui_3_10_0_1_1619447273792_342\" class=\"phone \"> <\/div>\r\n          <\/div>\r\n          <h4>Copyright :<\/h4>\r\n          <p>SERINOL<\/p>\r\n          <p> <\/p>\r\n          <h4>Ley aplicable :<\/h4>\r\n          <p>El sitio web <a href=\"http:\/\/www.serinol.com\/\">www.serinol.com<\/a> y estas condiciones generales est\u00e1n sujetos a la legislaci\u00f3n francesa y est\u00e1n redactados en franc\u00e9s.<br>SERINOL se reserva el derecho de modificar la presente informaci\u00f3n en cualquier momento. El usuario se compromete a consultarlo regularmente. <\/p>\r\n          <h4> <\/h4>\r\n          <h4>Protecci\u00f3n de datos personales :<\/h4>\r\n          <p>Puede visitar <a href=\"http:\/\/www.serinol.com\">www.serinol.com<\/a> sin revelar su identidad o cualquier otra informaci\u00f3n personal sobre usted.<br>SERINOL se compromete a respetar su privacidad y a proteger la informaci\u00f3n que nos proporciona. En particular, los datos personales recogidos en el sitio web <a href=\"http:\/\/www.serinol.com\">www.serinol.com<\/a> est\u00e1n destinados al uso de SERINOL.  Son confidenciales y se tratan como tales.<\/p>\r\n          <p>En lo que respecta a los datos personales que nos comunique, tiene derecho a acceder a ellos y a rectificarlos de conformidad con la Ley francesa de protecci\u00f3n de datos n\u00ba 78-17 de 6 de enero de 1978. Puede ejercer este derecho poni\u00e9ndose en contacto con SERINOL &#8211; Direcci\u00f3n: 65, avenue Ernest-L\u00e9otard, 11150 BRAM, FRANCIA <br>Si se ha suscrito a servicios de informaci\u00f3n por correo electr\u00f3nico (&#8220;newsletter&#8221;), puede solicitar dejar de recibir estos correos electr\u00f3nicos.<\/p>\r\n          <p>Tenga en cuenta que para ofrecerle productos y servicios m\u00e1s personalizados, se recopilar\u00e1 autom\u00e1ticamente cierta informaci\u00f3n no personal sobre su actividad en este sitio. Esta informaci\u00f3n est\u00e1 destinada a ser utilizada por SERINOL y tambi\u00e9n puede ser utilizada con fines comerciales o de marketing o como base para estudios y an\u00e1lisis.<\/p>\r\n          <p>Esta informaci\u00f3n no se transmitir\u00e1 a terceros en ning\u00fan caso. S\u00f3lo el personal de SERINOL tiene acceso a los datos. <\/p>\r\n          <p> <\/p>\r\n          <h4>Seguridad:<\/h4>\r\n          <p>Tomamos todas las precauciones necesarias para preservar la integridad de los datos, su confidencialidad y evitar cualquier comunicaci\u00f3n a terceros no autorizados.<\/p>\r\n          <p>Hypertexto:<br>La creaci\u00f3n de un enlace de hipertexto a la p\u00e1gina web <a href=\"http:\/\/www.serinol.com\">www.serinol.com<\/a> no requiere la autorizaci\u00f3n previa y por escrito de SERINOL. No obstante, deber\u00e1 informarse a SERINOL en un plazo m\u00e1ximo de 30 d\u00edas desde el establecimiento del enlace.<\/p>\r\n          <p>En cualquier caso, SERINOL no es en absoluto responsable de los contenidos, productos o servicios ofrecidos en los sitios a los que el sitio <a href=\"http:\/\/www.serinol.com\">www.serinol.com<\/a> est\u00e1 vinculado mediante enlaces de hipertexto o cualquier otro tipo de enlace.<\/p>\r\n          <p> <\/p>\r\n          <h4>Derechos de propiedad intelectual:<\/h4>\r\n          <p>SERINOL advierte a los usuarios de este sitio que muchos elementos del mismo est\u00e1n sujetos a cambios:<br>a) est\u00e1n protegidos por la ley de derechos de autor: este puede ser el caso de fotograf\u00edas, art\u00edculos, dibujos, secuencias animadas, etc;<br>b) y\/o est\u00e1n protegidos por la ley de dise\u00f1os;<br>c) est\u00e1n protegidos por el derecho de marcas.<\/p>\r\n          <p>Los elementos as\u00ed protegidos son propiedad de SERINOL o de terceros que hayan autorizado a SERINOL a utilizarlos.<\/p>\r\n          <p>Toda reproducci\u00f3n, representaci\u00f3n, utilizaci\u00f3n, adaptaci\u00f3n, modificaci\u00f3n, incorporaci\u00f3n, traducci\u00f3n, comercializaci\u00f3n, parcial o total, por cualquier procedimiento y en cualquier soporte (papel, digital, etc.) est\u00e1 prohibida sin la autorizaci\u00f3n previa y por escrito de SERINOL, salvo las excepciones contempladas en el art\u00edculo L 122.5 del C\u00f3digo de la Propiedad Intelectual, bajo pena de constituir una infracci\u00f3n de los derechos de autor y\/o de los dibujos y modelos y\/o de las marcas, castigada con dos a\u00f1os de prisi\u00f3n y una multa de 150.000 euros.<\/p>\r\n          <p> <\/p>\r\n          <h4>Derechos de autor y\/o de dise\u00f1o:<\/h4>\r\n          <p>Las fotograf\u00edas, textos, esl\u00f3ganes, dibujos, im\u00e1genes, secuencias animadas con o sin sonido, as\u00ed como todas las obras integradas en el sitio, son propiedad de SERINOL o de terceros que hayan autorizado a SERINOL a utilizarlas.<\/p>\r\n          <p>Se autorizan las reproducciones, en soporte papel o inform\u00e1tico, de dicho sitio siempre que est\u00e9n estrictamente reservadas a un uso personal excluyendo cualquier uso con fines publicitarios y\/o comerciales y\/o informativos y\/o que cumplan con las disposiciones del art\u00edculo L122-5 del C\u00f3digo de la Propiedad Intelectual.<\/p>\r\n          <p> <\/p>\r\n          <h4>Informaci\u00f3n del producto:<\/h4>\r\n          <p>En el marco de una pol\u00edtica de mejora constante de sus productos y servicios, SERINOL podr\u00e1 modificar en cualquier momento las caracter\u00edsticas de su oferta. Los productos y\/o servicios presentados en este sitio son los que se distribuyen en Francia metropolitana. <\/p>\r\n          <p>En cualquier caso, la informaci\u00f3n contenida en este sitio es de car\u00e1cter general y no tiene valor contractual.<\/p>\r\n          <p>Limitaci\u00f3n de la responsabilidad<\/p>\r\n          <p>El uso de <a href=\"http:\/\/www.serinol.com\">www.serinol.com<\/a>es bajo su propio riesgo. SERINOL no se hace responsable de los da\u00f1os directos o indirectos, tales como, en particular, los da\u00f1os materiales, la p\u00e9rdida de datos o programas, los da\u00f1os financieros, resultantes de la utilizaci\u00f3n de este sitio o de los sitios vinculados a \u00e9l.<\/p>\r\n          <p> <\/p>\r\n          <h4>Actualizaci\u00f3n:<\/h4>\r\n          <p>SERINOL se reserva el derecho de modificar y actualizar, sin previo aviso, el presente aviso legal y todos los elementos y productos presentados en el sitio. Todas estas modificaciones son vinculantes para los usuarios de Internet, que deber\u00e1n consultar estas Condiciones Generales cada vez que se conecten. <\/p>\r\n          <p> <\/p>\r\n          <h4>Datos estad\u00edsticos:<\/h4>\r\n          <p>Utilizamos los datos de conexi\u00f3n para nuestras estad\u00edsticas de consulta (tipo de navegador, n\u00famero de visitantes, secciones visitadas, etc.) para optimizar nuestro sitio en t\u00e9rminos de secciones y navegaci\u00f3n, pero esta informaci\u00f3n no se transmite a terceros.<\/p>\r\n          <p> <\/p>\r\n          <h4>Reproducci\u00f3n en papel:<\/h4>\r\n          <p>A excepci\u00f3n de la iconograf\u00eda, se autoriza la reproducci\u00f3n de las p\u00e1ginas de este sitio en un soporte de papel, siempre que se respeten las tres condiciones siguientes:<\/p>\r\n          <p>&#8211; distribuci\u00f3n gratuita.<br>&#8211; respetar la integridad de los documentos reproducidos (sin modificaciones ni alteraciones de ning\u00fan tipo).<br>&#8211; citaci\u00f3n expl\u00edcita del sitio <a href=\"https:\/\/www.serinol.com\/es\/\">www.serinol.com<\/a> como fuente y menci\u00f3n de que los derechos de reproducci\u00f3n est\u00e1n reservados y estrictamente limitados.<\/p>\r\n          <p> <\/p>\r\n          <p> <\/p>\r\n        \t\t\t\t\t\t\t\t<\/div>\n\t\t\t\t<\/div>\n\t\t\t\t\t<\/div>\n\t\t<\/div>\n\t\t\t\t\t<\/div>\n\t\t<\/section>\n\t\t\t\t<\/div>\n\t\t","protected":false},"excerpt":{"rendered":"<p>Informaci\u00f3n legal Gracias por visitar www.serinol.com A continuaci\u00f3n encontrar\u00e1 nuestra pol\u00edtica sobre el tratamiento de datos personales. Le recomendamos encarecidamente que lo lea, al visitar este sitio acepta las pr\u00e1cticas que detallamos y se adhiere a los t\u00e9rminos y condiciones que se establecen a continuaci\u00f3n. El sitio web www.serinol.com est\u00e1 destinado a la informaci\u00f3n personal [&hellip;]<\/p>\n","protected":false},"author":1,"featured_media":0,"parent":0,"menu_order":0,"comment_status":"closed","ping_status":"closed","template":"","meta":{"footnotes":""},"class_list":["post-13406","page","type-page","status-publish","hentry"],"_links":{"self":[{"href":"https:\/\/www.serinol.com\/es\/wp-json\/wp\/v2\/pages\/13406","targetHints":{"allow":["GET"]}}],"collection":[{"href":"https:\/\/www.serinol.com\/es\/wp-json\/wp\/v2\/pages"}],"about":[{"href":"https:\/\/www.serinol.com\/es\/wp-json\/wp\/v2\/types\/page"}],"author":[{"embeddable":true,"href":"https:\/\/www.serinol.com\/es\/wp-json\/wp\/v2\/users\/1"}],"replies":[{"embeddable":true,"href":"https:\/\/www.serinol.com\/es\/wp-json\/wp\/v2\/comments?post=13406"}],"version-history":[{"count":0,"href":"https:\/\/www.serinol.com\/es\/wp-json\/wp\/v2\/pages\/13406\/revisions"}],"wp:attachment":[{"href":"https:\/\/www.serinol.com\/es\/wp-json\/wp\/v2\/media?parent=13406"}],"curies":[{"name":"wp","href":"https:\/\/api.w.org\/{rel}","templated":true}]}}