{"id":13398,"date":"2022-06-14T12:27:50","date_gmt":"2022-06-14T10:27:50","guid":{"rendered":"https:\/\/www.serinol.com\/problematicas\/"},"modified":"2023-10-04T10:44:12","modified_gmt":"2023-10-04T08:44:12","slug":"problematicas","status":"publish","type":"page","link":"https:\/\/www.serinol.com\/es\/problematicas\/","title":{"rendered":"Problem\u00e1ticas"},"content":{"rendered":"\t\t<div data-elementor-type=\"wp-page\" data-elementor-id=\"13398\" class=\"elementor elementor-13398 elementor-13221\" data-elementor-post-type=\"page\">\n\t\t\t\t\t\t<section class=\"elementor-section elementor-top-section elementor-element elementor-element-7e37d7d elementor-section-boxed elementor-section-height-default elementor-section-height-default\" data-id=\"7e37d7d\" data-element_type=\"section\" data-e-type=\"section\">\n\t\t\t\t\t\t<div class=\"elementor-container elementor-column-gap-default\">\n\t\t\t\t\t<div class=\"elementor-column elementor-col-100 elementor-top-column elementor-element elementor-element-2ccef4d\" data-id=\"2ccef4d\" data-element_type=\"column\" data-e-type=\"column\">\n\t\t\t<div class=\"elementor-widget-wrap elementor-element-populated\">\n\t\t\t\t\t\t<div class=\"elementor-element elementor-element-3359dec elementor-widget elementor-widget-heading\" data-id=\"3359dec\" data-element_type=\"widget\" data-e-type=\"widget\" data-widget_type=\"heading.default\">\n\t\t\t\t<div class=\"elementor-widget-container\">\n\t\t\t\t\t<h1 class=\"elementor-heading-title elementor-size-default\">Problem\u00e1ticas<\/h1>\t\t\t\t<\/div>\n\t\t\t\t<\/div>\n\t\t\t\t\t<\/div>\n\t\t<\/div>\n\t\t\t\t\t<\/div>\n\t\t<\/section>\n\t\t\t\t<section class=\"elementor-section elementor-top-section elementor-element elementor-element-51ee79a elementor-section-content-middle actu-blog elementor-section-boxed elementor-section-height-default elementor-section-height-default\" data-id=\"51ee79a\" data-element_type=\"section\" data-e-type=\"section\">\n\t\t\t\t\t\t<div class=\"elementor-container elementor-column-gap-default\">\n\t\t\t\t\t<div class=\"elementor-column elementor-col-100 elementor-top-column elementor-element elementor-element-9fabe41\" data-id=\"9fabe41\" data-element_type=\"column\" data-e-type=\"column\">\n\t\t\t<div class=\"elementor-widget-wrap elementor-element-populated\">\n\t\t\t\t\t\t<div class=\"elementor-element elementor-element-a3423ed elementor-grid-1 elementor-grid-tablet-1 elementor-posts--thumbnail-left elementor-posts--align-left elementor-grid-mobile-1 elementor-widget elementor-widget-posts\" data-id=\"a3423ed\" data-element_type=\"widget\" data-e-type=\"widget\" data-settings=\"{&quot;classic_columns&quot;:&quot;1&quot;,&quot;classic_columns_tablet&quot;:&quot;1&quot;,&quot;classic_row_gap&quot;:{&quot;unit&quot;:&quot;px&quot;,&quot;size&quot;:0,&quot;sizes&quot;:[]},&quot;classic_row_gap_mobile&quot;:{&quot;unit&quot;:&quot;px&quot;,&quot;size&quot;:0,&quot;sizes&quot;:[]},&quot;classic_columns_mobile&quot;:&quot;1&quot;,&quot;classic_row_gap_tablet&quot;:{&quot;unit&quot;:&quot;px&quot;,&quot;size&quot;:&quot;&quot;,&quot;sizes&quot;:[]}}\" data-widget_type=\"posts.classic\">\n\t\t\t\t<div class=\"elementor-widget-container\">\n\t\t\t\t\t\t\t<div class=\"elementor-posts-container elementor-posts elementor-posts--skin-classic elementor-grid\" role=\"list\">\n\t\t\t\t<article class=\"elementor-post elementor-grid-item post-16773 post type-post status-publish format-standard has-post-thumbnail hentry category-actualidad\" role=\"listitem\">\n\t\t\t\t<a class=\"elementor-post__thumbnail__link\" href=\"https:\/\/www.serinol.com\/es\/actualidad\/marruecos-hacia-la-gobernanza-del-agua\/\" tabindex=\"-1\" >\n\t\t\t<div class=\"elementor-post__thumbnail\"><img fetchpriority=\"high\" decoding=\"async\" width=\"1200\" height=\"627\" src=\"https:\/\/www.serinol.com\/wp-content\/uploads\/2023\/09\/Serinol-Maroc-gouvernance-eau-fleuve-moulouya-social.jpg\" class=\"attachment-full size-full wp-image-16792\" alt=\"Serinol, Maroc gouvernance de l&#039;eau -  Riviere Moulouya\" srcset=\"https:\/\/www.serinol.com\/wp-content\/uploads\/2023\/09\/Serinol-Maroc-gouvernance-eau-fleuve-moulouya-social.jpg 1200w, https:\/\/www.serinol.com\/wp-content\/uploads\/2023\/09\/Serinol-Maroc-gouvernance-eau-fleuve-moulouya-social-300x157.jpg 300w, https:\/\/www.serinol.com\/wp-content\/uploads\/2023\/09\/Serinol-Maroc-gouvernance-eau-fleuve-moulouya-social-1024x535.jpg 1024w, https:\/\/www.serinol.com\/wp-content\/uploads\/2023\/09\/Serinol-Maroc-gouvernance-eau-fleuve-moulouya-social-768x401.jpg 768w\" sizes=\"(max-width: 1200px) 100vw, 1200px\" \/><\/div>\n\t\t<\/a>\n\t\t\t\t<div class=\"elementor-post__text\">\n\t\t\t\t<h2 class=\"elementor-post__title\">\n\t\t\t<a href=\"https:\/\/www.serinol.com\/es\/actualidad\/marruecos-hacia-la-gobernanza-del-agua\/\" >\n\t\t\t\tMarruecos: hacia la gobernanza del agua.\t\t\t<\/a>\n\t\t<\/h2>\n\t\t\t\t<div class=\"elementor-post__excerpt\">\n\t\t\t<p>Ante el estr\u00e9s h\u00eddrico y la amenaza que supone el cambio clim\u00e1tico, Marruecos lanza un ambicioso plan para asegurar y racionalizar la gesti\u00f3n del agua<\/p>\n\t\t<\/div>\n\t\t\n\t\t<a class=\"elementor-post__read-more\" href=\"https:\/\/www.serinol.com\/es\/actualidad\/marruecos-hacia-la-gobernanza-del-agua\/\" aria-label=\"M\u00e1s informaci\u00f3n sobre Marruecos: hacia la gobernanza del agua.\" tabindex=\"-1\" >\n\t\t\tLeer el art\u00edculo\t\t<\/a>\n\n\t\t\t\t<\/div>\n\t\t\t\t<\/article>\n\t\t\t\t<\/div>\n\t\t\n\t\t\t\t\t\t<\/div>\n\t\t\t\t<\/div>\n\t\t\t\t\t<\/div>\n\t\t<\/div>\n\t\t\t\t\t<\/div>\n\t\t<\/section>\n\t\t\t\t<\/div>\n\t\t","protected":false},"excerpt":{"rendered":"<p>Problem\u00e1ticas<\/p>\n","protected":false},"author":1,"featured_media":0,"parent":0,"menu_order":0,"comment_status":"closed","ping_status":"closed","template":"","meta":{"footnotes":""},"class_list":["post-13398","page","type-page","status-publish","hentry"],"_links":{"self":[{"href":"https:\/\/www.serinol.com\/es\/wp-json\/wp\/v2\/pages\/13398","targetHints":{"allow":["GET"]}}],"collection":[{"href":"https:\/\/www.serinol.com\/es\/wp-json\/wp\/v2\/pages"}],"about":[{"href":"https:\/\/www.serinol.com\/es\/wp-json\/wp\/v2\/types\/page"}],"author":[{"embeddable":true,"href":"https:\/\/www.serinol.com\/es\/wp-json\/wp\/v2\/users\/1"}],"replies":[{"embeddable":true,"href":"https:\/\/www.serinol.com\/es\/wp-json\/wp\/v2\/comments?post=13398"}],"version-history":[{"count":0,"href":"https:\/\/www.serinol.com\/es\/wp-json\/wp\/v2\/pages\/13398\/revisions"}],"wp:attachment":[{"href":"https:\/\/www.serinol.com\/es\/wp-json\/wp\/v2\/media?parent=13398"}],"curies":[{"name":"wp","href":"https:\/\/api.w.org\/{rel}","templated":true}]}}