{"id":13336,"date":"2022-06-13T16:46:45","date_gmt":"2022-06-13T14:46:45","guid":{"rendered":"https:\/\/www.serinol.com\/elevadores\/"},"modified":"2022-06-24T18:22:07","modified_gmt":"2022-06-24T16:22:07","slug":"elevadores","status":"publish","type":"page","link":"https:\/\/www.serinol.com\/es\/serinol-equipos-de-tratamiento-de-agua\/tamices-de-barras\/elevadores\/","title":{"rendered":"Elevadores"},"content":{"rendered":"\t\t<div data-elementor-type=\"wp-page\" data-elementor-id=\"13336\" class=\"elementor elementor-13336 elementor-11493\" data-elementor-post-type=\"page\">\n\t\t\t\t\t\t<section class=\"elementor-section elementor-top-section elementor-element elementor-element-63004b37 elementor-section-content-middle elementor-section-boxed elementor-section-height-default elementor-section-height-default\" data-id=\"63004b37\" data-element_type=\"section\" data-e-type=\"section\">\n\t\t\t\t\t\t<div class=\"elementor-container elementor-column-gap-default\">\n\t\t\t\t\t<div class=\"elementor-column elementor-col-100 elementor-top-column elementor-element elementor-element-2f3313a9\" data-id=\"2f3313a9\" data-element_type=\"column\" data-e-type=\"column\">\n\t\t\t<div class=\"elementor-widget-wrap elementor-element-populated\">\n\t\t\t\t\t\t<div class=\"elementor-element elementor-element-431152f6 elementor-widget elementor-widget-heading\" data-id=\"431152f6\" data-element_type=\"widget\" data-e-type=\"widget\" data-widget_type=\"heading.default\">\n\t\t\t\t<div class=\"elementor-widget-container\">\n\t\t\t\t\t<h2 class=\"elementor-heading-title elementor-size-default\">Tamices de barras elevadores<\/h2>\t\t\t\t<\/div>\n\t\t\t\t<\/div>\n\t\t\t\t<div class=\"elementor-element elementor-element-1e8c9bdb elementor-widget elementor-widget-text-editor\" data-id=\"1e8c9bdb\" data-element_type=\"widget\" data-e-type=\"widget\" data-widget_type=\"text-editor.default\">\n\t\t\t\t<div class=\"elementor-widget-container\">\n\t\t\t\t\t\t\t\t\t          <p>Los tamices <strong>SERTEL<\/strong>, <strong>ECOTEL<\/strong>, <strong>SERTELMAX<\/strong> o <strong>VERTICAL<\/strong> van instalados en un canal o en una fosa a ras de agua sin necesidad de bombeo previo del agua. En la parte inferior, una rejilla detiene las part\u00edculas, que son elevadas de manera continua por los rascadores hacia la canaleta de descarga. <\/p>\r\n        \t\t\t\t\t\t\t\t<\/div>\n\t\t\t\t<\/div>\n\t\t\t\t<section class=\"elementor-section elementor-inner-section elementor-element elementor-element-6747657 elementor-section-full_width elementor-section-height-default elementor-section-height-default\" data-id=\"6747657\" data-element_type=\"section\" data-e-type=\"section\">\n\t\t\t\t\t\t<div class=\"elementor-container elementor-column-gap-default\">\n\t\t\t\t\t<div class=\"elementor-column elementor-col-25 elementor-inner-column elementor-element elementor-element-9d8d5fd elementor-hidden-tablet elementor-hidden-phone\" data-id=\"9d8d5fd\" data-element_type=\"column\" data-e-type=\"column\">\n\t\t\t<div class=\"elementor-widget-wrap\">\n\t\t\t\t\t\t\t<\/div>\n\t\t<\/div>\n\t\t\t\t<div class=\"elementor-column elementor-col-25 elementor-inner-column elementor-element elementor-element-810d86f\" data-id=\"810d86f\" data-element_type=\"column\" data-e-type=\"column\">\n\t\t\t<div class=\"elementor-widget-wrap elementor-element-populated\">\n\t\t\t\t\t\t<div class=\"elementor-element elementor-element-5789e30 elementor-flip-box--effect-fade produit-all elementor-widget elementor-widget-flip-box\" data-id=\"5789e30\" data-element_type=\"widget\" data-e-type=\"widget\" data-widget_type=\"flip-box.default\">\n\t\t\t\t<div class=\"elementor-widget-container\">\n\t\t\t\t\t\t\t<div class=\"elementor-flip-box\" tabindex=\"0\">\n\t\t\t<div class=\"elementor-flip-box__layer elementor-flip-box__front\">\n\t\t\t\t<div class=\"elementor-flip-box__layer__overlay\">\n\t\t\t\t\t<div class=\"elementor-flip-box__layer__inner\">\n\t\t\t\t\t\t\t\t\t\t\t\t\t<div class=\"elementor-flip-box__image\">\n\t\t\t\t\t\t\t\t<img fetchpriority=\"high\" decoding=\"async\" width=\"768\" height=\"768\" src=\"https:\/\/www.serinol.com\/wp-content\/uploads\/2021\/04\/Serinol-Solutions-et-e\u0301quipement-de-traitement-des-eaux-Produit-tamis-degrilleur-elevateur-sertel-768x768.jpg\" class=\"attachment-medium_large size-medium_large wp-image-3888\" alt=\"Serinol Solutions et e\u0301quipement de traitement des eaux Produit tamis degrilleur elevateur SERTEL\" srcset=\"https:\/\/www.serinol.com\/wp-content\/uploads\/2021\/04\/Serinol-Solutions-et-e\u0301quipement-de-traitement-des-eaux-Produit-tamis-degrilleur-elevateur-sertel-768x768.jpg 768w, https:\/\/www.serinol.com\/wp-content\/uploads\/2021\/04\/Serinol-Solutions-et-e\u0301quipement-de-traitement-des-eaux-Produit-tamis-degrilleur-elevateur-sertel-300x300.jpg 300w, https:\/\/www.serinol.com\/wp-content\/uploads\/2021\/04\/Serinol-Solutions-et-e\u0301quipement-de-traitement-des-eaux-Produit-tamis-degrilleur-elevateur-sertel-150x150.jpg 150w, https:\/\/www.serinol.com\/wp-content\/uploads\/2021\/04\/Serinol-Solutions-et-e\u0301quipement-de-traitement-des-eaux-Produit-tamis-degrilleur-elevateur-sertel-700x700.jpg 700w, https:\/\/www.serinol.com\/wp-content\/uploads\/2021\/04\/Serinol-Solutions-et-e\u0301quipement-de-traitement-des-eaux-Produit-tamis-degrilleur-elevateur-sertel.jpg 1000w\" sizes=\"(max-width: 768px) 100vw, 768px\" \/>\t\t\t\t\t\t\t<\/div>\n\t\t\t\t\t\t\n\t\t\t\t\t\t\t\t\t\t\t\t\t<h3 class=\"elementor-flip-box__layer__title\">\n\t\t\t\t\t\t\t\tSERTEL \t\t\t\t\t\t\t<\/h3>\n\t\t\t\t\t\t\n\t\t\t\t\t\t\t\t\t\t\t\t\t<div class=\"elementor-flip-box__layer__description\">\n\t\t\t\t\t\t\t\tEl tamiz elevador SERTEL se utiliza para eliminar las materias s\u00f3lidas en suspensi\u00f3n de las aguas residuales en las plantas de tratamiento urbanas e industriales.\r\n<\/br>\r\n<\/br>\r\n<a href=\"#\"> Ver el producto<\/a>\t\t\t\t\t\t\t<\/div>\n\t\t\t\t\t\t\t\t\t\t\t<\/div>\n\t\t\t\t<\/div>\n\t\t\t<\/div>\n\t\t\t<a class=\"elementor-flip-box__layer elementor-flip-box__back\" href=\"https:\/\/www.serinol.com\/equipement-de-traitement-des-eaux\/tamis-degrilleur\/elevateur\/sertel\/\">\n\t\t\t<div class=\"elementor-flip-box__layer__overlay\">\n\t\t\t\t<div class=\"elementor-flip-box__layer__inner\">\n\t\t\t\t\t\n\t\t\t\t\t\n\t\t\t\t\t\t\t\t\t\t\t<span class=\"elementor-flip-box__button elementor-button elementor-size-sm\">\n\t\t\t\t\t\t\tVer el producto\t\t\t\t\t\t<\/span>\n\t\t\t\t\t\t\t\t<\/div>\n\t\t<\/div>\n\t\t<\/a>\n\t\t<\/div>\n\t\t\t\t\t\t<\/div>\n\t\t\t\t<\/div>\n\t\t\t\t\t<\/div>\n\t\t<\/div>\n\t\t\t\t<div class=\"elementor-column elementor-col-25 elementor-inner-column elementor-element elementor-element-e42c1e4\" data-id=\"e42c1e4\" data-element_type=\"column\" data-e-type=\"column\">\n\t\t\t<div class=\"elementor-widget-wrap elementor-element-populated\">\n\t\t\t\t\t\t<div class=\"elementor-element elementor-element-4a65908 elementor-flip-box--effect-fade produit-all elementor-widget elementor-widget-flip-box\" data-id=\"4a65908\" data-element_type=\"widget\" data-e-type=\"widget\" data-widget_type=\"flip-box.default\">\n\t\t\t\t<div class=\"elementor-widget-container\">\n\t\t\t\t\t\t\t<div class=\"elementor-flip-box\" tabindex=\"0\">\n\t\t\t<div class=\"elementor-flip-box__layer elementor-flip-box__front\">\n\t\t\t\t<div class=\"elementor-flip-box__layer__overlay\">\n\t\t\t\t\t<div class=\"elementor-flip-box__layer__inner\">\n\t\t\t\t\t\t\t\t\t\t\t\t\t<div class=\"elementor-flip-box__image\">\n\t\t\t\t\t\t\t\t<img decoding=\"async\" width=\"768\" height=\"768\" src=\"https:\/\/www.serinol.com\/wp-content\/uploads\/2021\/04\/Serinol-Solutions-et-e\u0301quipement-de-traitement-des-eaux-Produit-tamis-degrilleur-elevateur-Ecotel-1-768x768.jpg\" class=\"attachment-medium_large size-medium_large wp-image-3882\" alt=\"Ecotel - Tamis d\u00e9grilleur \u00e9l\u00e9vateur\" srcset=\"https:\/\/www.serinol.com\/wp-content\/uploads\/2021\/04\/Serinol-Solutions-et-e\u0301quipement-de-traitement-des-eaux-Produit-tamis-degrilleur-elevateur-Ecotel-1-768x768.jpg 768w, https:\/\/www.serinol.com\/wp-content\/uploads\/2021\/04\/Serinol-Solutions-et-e\u0301quipement-de-traitement-des-eaux-Produit-tamis-degrilleur-elevateur-Ecotel-1-300x300.jpg 300w, https:\/\/www.serinol.com\/wp-content\/uploads\/2021\/04\/Serinol-Solutions-et-e\u0301quipement-de-traitement-des-eaux-Produit-tamis-degrilleur-elevateur-Ecotel-1-150x150.jpg 150w, https:\/\/www.serinol.com\/wp-content\/uploads\/2021\/04\/Serinol-Solutions-et-e\u0301quipement-de-traitement-des-eaux-Produit-tamis-degrilleur-elevateur-Ecotel-1-700x700.jpg 700w, https:\/\/www.serinol.com\/wp-content\/uploads\/2021\/04\/Serinol-Solutions-et-e\u0301quipement-de-traitement-des-eaux-Produit-tamis-degrilleur-elevateur-Ecotel-1.jpg 1000w\" sizes=\"(max-width: 768px) 100vw, 768px\" \/>\t\t\t\t\t\t\t<\/div>\n\t\t\t\t\t\t\n\t\t\t\t\t\t\t\t\t\t\t\t\t<h3 class=\"elementor-flip-box__layer__title\">\n\t\t\t\t\t\t\t\tECOTEL\t\t\t\t\t\t\t<\/h3>\n\t\t\t\t\t\t\n\t\t\t\t\t\t\t\t\t\t\t\t\t<div class=\"elementor-flip-box__layer__description\">\n\t\t\t\t\t\t\t\tLa mampara de ascensor ECOTEL funciona de la misma forma que su \u201chermano mayor\u201d la mampara de ascensor SERTEL. Se coloca en un canal a lo largo del agua; la materia s\u00f3lida detenida por la rejilla es levantada por raspadores. \r\n<\/br>\r\n<\/br>\r\n<\/br>\r\n<a href=\"#\"> Ver el producto<\/a>\t\t\t\t\t\t\t<\/div>\n\t\t\t\t\t\t\t\t\t\t\t<\/div>\n\t\t\t\t<\/div>\n\t\t\t<\/div>\n\t\t\t<a class=\"elementor-flip-box__layer elementor-flip-box__back\" href=\"https:\/\/www.serinol.com\/equipement-de-traitement-des-eaux\/tamis-degrilleur\/elevateur\/ecotel\/\">\n\t\t\t<div class=\"elementor-flip-box__layer__overlay\">\n\t\t\t\t<div class=\"elementor-flip-box__layer__inner\">\n\t\t\t\t\t\n\t\t\t\t\t\n\t\t\t\t\t\t\t\t\t\t\t<span class=\"elementor-flip-box__button elementor-button elementor-size-sm\">\n\t\t\t\t\t\t\tVer el producto\t\t\t\t\t\t<\/span>\n\t\t\t\t\t\t\t\t<\/div>\n\t\t<\/div>\n\t\t<\/a>\n\t\t<\/div>\n\t\t\t\t\t\t<\/div>\n\t\t\t\t<\/div>\n\t\t\t\t\t<\/div>\n\t\t<\/div>\n\t\t\t\t<div class=\"elementor-column elementor-col-25 elementor-inner-column elementor-element elementor-element-45f9297 elementor-hidden-phone elementor-hidden-tablet\" data-id=\"45f9297\" data-element_type=\"column\" data-e-type=\"column\">\n\t\t\t<div class=\"elementor-widget-wrap\">\n\t\t\t\t\t\t\t<\/div>\n\t\t<\/div>\n\t\t\t\t\t<\/div>\n\t\t<\/section>\n\t\t\t\t<section class=\"elementor-section elementor-inner-section elementor-element elementor-element-0c5d775 elementor-section-full_width elementor-section-height-default elementor-section-height-default\" data-id=\"0c5d775\" data-element_type=\"section\" data-e-type=\"section\">\n\t\t\t\t\t\t<div class=\"elementor-container elementor-column-gap-default\">\n\t\t\t\t\t<div class=\"elementor-column elementor-col-25 elementor-inner-column elementor-element elementor-element-667e0d0 elementor-hidden-tablet elementor-hidden-phone\" data-id=\"667e0d0\" data-element_type=\"column\" data-e-type=\"column\">\n\t\t\t<div class=\"elementor-widget-wrap\">\n\t\t\t\t\t\t\t<\/div>\n\t\t<\/div>\n\t\t\t\t<div class=\"elementor-column elementor-col-25 elementor-inner-column elementor-element elementor-element-69a1c00\" data-id=\"69a1c00\" data-element_type=\"column\" data-e-type=\"column\">\n\t\t\t<div class=\"elementor-widget-wrap elementor-element-populated\">\n\t\t\t\t\t\t<div class=\"elementor-element elementor-element-465090b elementor-flip-box--effect-fade produit-all elementor-widget elementor-widget-flip-box\" data-id=\"465090b\" data-element_type=\"widget\" data-e-type=\"widget\" data-widget_type=\"flip-box.default\">\n\t\t\t\t<div class=\"elementor-widget-container\">\n\t\t\t\t\t\t\t<div class=\"elementor-flip-box\" tabindex=\"0\">\n\t\t\t<div class=\"elementor-flip-box__layer elementor-flip-box__front\">\n\t\t\t\t<div class=\"elementor-flip-box__layer__overlay\">\n\t\t\t\t\t<div class=\"elementor-flip-box__layer__inner\">\n\t\t\t\t\t\t\t\t\t\t\t\t\t<div class=\"elementor-flip-box__image\">\n\t\t\t\t\t\t\t\t<img decoding=\"async\" width=\"768\" height=\"768\" src=\"https:\/\/www.serinol.com\/wp-content\/uploads\/2021\/04\/Serinol-Solutions-et-e\u0301quipement-de-traitement-des-eaux-Produit-tamis-degrilleur-elevateur-sertel-max-768x768.jpg\" class=\"attachment-medium_large size-medium_large wp-image-3884\" alt=\"SERTELMAX - Serinol - Solutions et \u00e9quipements de traitements des eaux\" srcset=\"https:\/\/www.serinol.com\/wp-content\/uploads\/2021\/04\/Serinol-Solutions-et-e\u0301quipement-de-traitement-des-eaux-Produit-tamis-degrilleur-elevateur-sertel-max-768x768.jpg 768w, https:\/\/www.serinol.com\/wp-content\/uploads\/2021\/04\/Serinol-Solutions-et-e\u0301quipement-de-traitement-des-eaux-Produit-tamis-degrilleur-elevateur-sertel-max-300x300.jpg 300w, https:\/\/www.serinol.com\/wp-content\/uploads\/2021\/04\/Serinol-Solutions-et-e\u0301quipement-de-traitement-des-eaux-Produit-tamis-degrilleur-elevateur-sertel-max-150x150.jpg 150w, https:\/\/www.serinol.com\/wp-content\/uploads\/2021\/04\/Serinol-Solutions-et-e\u0301quipement-de-traitement-des-eaux-Produit-tamis-degrilleur-elevateur-sertel-max-700x700.jpg 700w, https:\/\/www.serinol.com\/wp-content\/uploads\/2021\/04\/Serinol-Solutions-et-e\u0301quipement-de-traitement-des-eaux-Produit-tamis-degrilleur-elevateur-sertel-max.jpg 1000w\" sizes=\"(max-width: 768px) 100vw, 768px\" \/>\t\t\t\t\t\t\t<\/div>\n\t\t\t\t\t\t\n\t\t\t\t\t\t\t\t\t\t\t\t\t<h3 class=\"elementor-flip-box__layer__title\">\n\t\t\t\t\t\t\t\tSERTELMAX\t\t\t\t\t\t\t<\/h3>\n\t\t\t\t\t\t\n\t\t\t\t\t\t\t\t\t\t\t\t\t<div class=\"elementor-flip-box__layer__description\">\n\t\t\t\t\t\t\t\tEl tamiz elevador SERTELMAX es el hermano mayor del modelo SERTEL. Tambi\u00e9n se utiliza para eliminar las materias s\u00f3lidas en suspensi\u00f3n de las aguas residuales en las plantas de tratamiento urbanas o industriales. \r\n<\/br>\r\n<\/br>\r\n<\/br>\r\n<a href=\"#\"> Ver el producto<\/a>\t\t\t\t\t\t\t<\/div>\n\t\t\t\t\t\t\t\t\t\t\t<\/div>\n\t\t\t\t<\/div>\n\t\t\t<\/div>\n\t\t\t<a class=\"elementor-flip-box__layer elementor-flip-box__back\" href=\"https:\/\/www.serinol.com\/equipement-de-traitement-des-eaux\/tamis-degrilleur\/elevateur\/sertelmax\/\">\n\t\t\t<div class=\"elementor-flip-box__layer__overlay\">\n\t\t\t\t<div class=\"elementor-flip-box__layer__inner\">\n\t\t\t\t\t\n\t\t\t\t\t\n\t\t\t\t\t\t\t\t\t\t\t<span class=\"elementor-flip-box__button elementor-button elementor-size-sm\">\n\t\t\t\t\t\t\tVer el producto\t\t\t\t\t\t<\/span>\n\t\t\t\t\t\t\t\t<\/div>\n\t\t<\/div>\n\t\t<\/a>\n\t\t<\/div>\n\t\t\t\t\t\t<\/div>\n\t\t\t\t<\/div>\n\t\t\t\t\t<\/div>\n\t\t<\/div>\n\t\t\t\t<div class=\"elementor-column elementor-col-25 elementor-inner-column elementor-element elementor-element-9825f97\" data-id=\"9825f97\" data-element_type=\"column\" data-e-type=\"column\">\n\t\t\t<div class=\"elementor-widget-wrap elementor-element-populated\">\n\t\t\t\t\t\t<div class=\"elementor-element elementor-element-1aa30d7 elementor-flip-box--effect-fade produit-all elementor-widget elementor-widget-flip-box\" data-id=\"1aa30d7\" data-element_type=\"widget\" data-e-type=\"widget\" data-widget_type=\"flip-box.default\">\n\t\t\t\t<div class=\"elementor-widget-container\">\n\t\t\t\t\t\t\t<div class=\"elementor-flip-box\" tabindex=\"0\">\n\t\t\t<div class=\"elementor-flip-box__layer elementor-flip-box__front\">\n\t\t\t\t<div class=\"elementor-flip-box__layer__overlay\">\n\t\t\t\t\t<div class=\"elementor-flip-box__layer__inner\">\n\t\t\t\t\t\t\t\t\t\t\t\t\t<div class=\"elementor-flip-box__image\">\n\t\t\t\t\t\t\t\t<img loading=\"lazy\" decoding=\"async\" width=\"768\" height=\"768\" src=\"https:\/\/www.serinol.com\/wp-content\/uploads\/2021\/04\/Serinol-Solutions-et-e\u0301quipement-de-traitement-des-eaux-Produit-tamis-degrilleur-elevateur-sertel-v-768x768.jpg\" class=\"attachment-medium_large size-medium_large wp-image-3886\" alt=\"Sertel vertical - Serinol - Solutions et \u00e9quipements de traitements des eaux\" srcset=\"https:\/\/www.serinol.com\/wp-content\/uploads\/2021\/04\/Serinol-Solutions-et-e\u0301quipement-de-traitement-des-eaux-Produit-tamis-degrilleur-elevateur-sertel-v-768x768.jpg 768w, https:\/\/www.serinol.com\/wp-content\/uploads\/2021\/04\/Serinol-Solutions-et-e\u0301quipement-de-traitement-des-eaux-Produit-tamis-degrilleur-elevateur-sertel-v-300x300.jpg 300w, https:\/\/www.serinol.com\/wp-content\/uploads\/2021\/04\/Serinol-Solutions-et-e\u0301quipement-de-traitement-des-eaux-Produit-tamis-degrilleur-elevateur-sertel-v-150x150.jpg 150w, https:\/\/www.serinol.com\/wp-content\/uploads\/2021\/04\/Serinol-Solutions-et-e\u0301quipement-de-traitement-des-eaux-Produit-tamis-degrilleur-elevateur-sertel-v-700x700.jpg 700w, https:\/\/www.serinol.com\/wp-content\/uploads\/2021\/04\/Serinol-Solutions-et-e\u0301quipement-de-traitement-des-eaux-Produit-tamis-degrilleur-elevateur-sertel-v.jpg 1000w\" sizes=\"(max-width: 768px) 100vw, 768px\" \/>\t\t\t\t\t\t\t<\/div>\n\t\t\t\t\t\t\n\t\t\t\t\t\t\t\t\t\t\t\t\t<h3 class=\"elementor-flip-box__layer__title\">\n\t\t\t\t\t\t\t\tSERTEL VERTICAL\t\t\t\t\t\t\t<\/h3>\n\t\t\t\t\t\t\n\t\t\t\t\t\t\t\t\t\t\t\t\t<div class=\"elementor-flip-box__layer__description\">\n\t\t\t\t\t\t\t\tEl tamiz elevador SERTEL Vertical instalado en un pozo o en un decantador circular o rectangular, funciona sin necesidad de bombeo previo del agua y protege las bombas de retorno.\r\n<\/br>\r\n<\/br>\r\n<a href=\"#\"> Ver el producto<\/a>\t\t\t\t\t\t\t<\/div>\n\t\t\t\t\t\t\t\t\t\t\t<\/div>\n\t\t\t\t<\/div>\n\t\t\t<\/div>\n\t\t\t<a class=\"elementor-flip-box__layer elementor-flip-box__back\" href=\"https:\/\/www.serinol.com\/equipement-de-traitement-des-eaux\/tamis-degrilleur\/elevateur\/sertel-vertical\/\">\n\t\t\t<div class=\"elementor-flip-box__layer__overlay\">\n\t\t\t\t<div class=\"elementor-flip-box__layer__inner\">\n\t\t\t\t\t\n\t\t\t\t\t\n\t\t\t\t\t\t\t\t\t\t\t<span class=\"elementor-flip-box__button elementor-button elementor-size-sm\">\n\t\t\t\t\t\t\tVer el producto\t\t\t\t\t\t<\/span>\n\t\t\t\t\t\t\t\t<\/div>\n\t\t<\/div>\n\t\t<\/a>\n\t\t<\/div>\n\t\t\t\t\t\t<\/div>\n\t\t\t\t<\/div>\n\t\t\t\t\t<\/div>\n\t\t<\/div>\n\t\t\t\t<div class=\"elementor-column elementor-col-25 elementor-inner-column elementor-element elementor-element-2c4275c elementor-hidden-phone elementor-hidden-tablet\" data-id=\"2c4275c\" data-element_type=\"column\" data-e-type=\"column\">\n\t\t\t<div class=\"elementor-widget-wrap\">\n\t\t\t\t\t\t\t<\/div>\n\t\t<\/div>\n\t\t\t\t\t<\/div>\n\t\t<\/section>\n\t\t\t\t\t<\/div>\n\t\t<\/div>\n\t\t\t\t\t<\/div>\n\t\t<\/section>\n\t\t\t\t<\/div>\n\t\t","protected":false},"excerpt":{"rendered":"<p>Tamices de barras elevadores Los tamices SERTEL, ECOTEL, SERTELMAX o VERTICAL van instalados en un canal o en una fosa a ras de agua sin necesidad de bombeo previo del agua. En la parte inferior, una rejilla detiene las part\u00edculas, que son elevadas de manera continua por los rascadores hacia la canaleta de descarga. SERTEL [&hellip;]<\/p>\n","protected":false},"author":1,"featured_media":13313,"parent":13372,"menu_order":0,"comment_status":"closed","ping_status":"closed","template":"","meta":{"footnotes":""},"class_list":["post-13336","page","type-page","status-publish","has-post-thumbnail","hentry"],"_links":{"self":[{"href":"https:\/\/www.serinol.com\/es\/wp-json\/wp\/v2\/pages\/13336","targetHints":{"allow":["GET"]}}],"collection":[{"href":"https:\/\/www.serinol.com\/es\/wp-json\/wp\/v2\/pages"}],"about":[{"href":"https:\/\/www.serinol.com\/es\/wp-json\/wp\/v2\/types\/page"}],"author":[{"embeddable":true,"href":"https:\/\/www.serinol.com\/es\/wp-json\/wp\/v2\/users\/1"}],"replies":[{"embeddable":true,"href":"https:\/\/www.serinol.com\/es\/wp-json\/wp\/v2\/comments?post=13336"}],"version-history":[{"count":0,"href":"https:\/\/www.serinol.com\/es\/wp-json\/wp\/v2\/pages\/13336\/revisions"}],"up":[{"embeddable":true,"href":"https:\/\/www.serinol.com\/es\/wp-json\/wp\/v2\/pages\/13372"}],"wp:featuredmedia":[{"embeddable":true,"href":"https:\/\/www.serinol.com\/es\/wp-json\/wp\/v2\/media\/13313"}],"wp:attachment":[{"href":"https:\/\/www.serinol.com\/es\/wp-json\/wp\/v2\/media?parent=13336"}],"curies":[{"name":"wp","href":"https:\/\/api.w.org\/{rel}","templated":true}]}}