{"id":13317,"date":"2022-06-13T16:09:26","date_gmt":"2022-06-13T14:09:26","guid":{"rendered":"https:\/\/www.serinol.com\/tamiz-a-alimentacion-interna-trommel\/"},"modified":"2022-06-24T18:22:06","modified_gmt":"2022-06-24T16:22:06","slug":"tamiz-a-alimentacion-interna-trommel","status":"publish","type":"page","link":"https:\/\/www.serinol.com\/es\/serinol-equipos-de-tratamiento-de-agua\/tamices-rotativos\/tamiz-a-alimentacion-interna-trommel\/","title":{"rendered":"Tamiz \u00e0 alimentaci\u00f3n interna &#8211; Trommel"},"content":{"rendered":"\t\t<div data-elementor-type=\"wp-page\" data-elementor-id=\"13317\" class=\"elementor elementor-13317 elementor-11468\" data-elementor-post-type=\"page\">\n\t\t\t\t\t\t<section class=\"elementor-section elementor-top-section elementor-element elementor-element-63004b37 elementor-section-content-middle elementor-section-boxed elementor-section-height-default elementor-section-height-default\" data-id=\"63004b37\" data-element_type=\"section\" data-e-type=\"section\">\n\t\t\t\t\t\t<div class=\"elementor-container elementor-column-gap-default\">\n\t\t\t\t\t<div class=\"elementor-column elementor-col-100 elementor-top-column elementor-element elementor-element-2f3313a9\" data-id=\"2f3313a9\" data-element_type=\"column\" data-e-type=\"column\">\n\t\t\t<div class=\"elementor-widget-wrap elementor-element-populated\">\n\t\t\t\t\t\t<div class=\"elementor-element elementor-element-431152f6 elementor-widget elementor-widget-heading\" data-id=\"431152f6\" data-element_type=\"widget\" data-e-type=\"widget\" data-widget_type=\"heading.default\">\n\t\t\t\t<div class=\"elementor-widget-container\">\n\t\t\t\t\t<h2 class=\"elementor-heading-title elementor-size-default\">Tamiz \u00e0 alimentaci\u00f3n interna - Trommel<\/h2>\t\t\t\t<\/div>\n\t\t\t\t<\/div>\n\t\t\t\t<div class=\"elementor-element elementor-element-1e8c9bdb elementor-widget elementor-widget-text-editor\" data-id=\"1e8c9bdb\" data-element_type=\"widget\" data-e-type=\"widget\" data-widget_type=\"text-editor.default\">\n\t\t\t\t<div class=\"elementor-widget-container\">\n\t\t\t\t\t\t\t\t\tDans nos Trommels <strong>SERTROM F<\/strong> et <strong>SERTROM<\/strong>, el efluente se introduce por la parte interior del tambor a trav\u00e9s de un caj\u00f3n de distribuci\u00f3n adaptado. El filtrado pasa a trav\u00e9s de las perforaciones, mientras que los productos deshidratados son conducidos a la salida de rechazos por una cinta helicoidal interna. \r\n<span class=\"Apple-converted-space\"> <\/span>\t\t\t\t\t\t\t\t<\/div>\n\t\t\t\t<\/div>\n\t\t\t\t<section class=\"elementor-section elementor-inner-section elementor-element elementor-element-08a293b elementor-section-full_width elementor-section-height-default elementor-section-height-default\" data-id=\"08a293b\" data-element_type=\"section\" data-e-type=\"section\">\n\t\t\t\t\t\t<div class=\"elementor-container elementor-column-gap-default\">\n\t\t\t\t\t<div class=\"elementor-column elementor-col-25 elementor-inner-column elementor-element elementor-element-a2314e4 elementor-hidden-tablet elementor-hidden-phone\" data-id=\"a2314e4\" data-element_type=\"column\" data-e-type=\"column\">\n\t\t\t<div class=\"elementor-widget-wrap\">\n\t\t\t\t\t\t\t<\/div>\n\t\t<\/div>\n\t\t\t\t<div class=\"elementor-column elementor-col-25 elementor-inner-column elementor-element elementor-element-a98faa0\" data-id=\"a98faa0\" data-element_type=\"column\" data-e-type=\"column\">\n\t\t\t<div class=\"elementor-widget-wrap elementor-element-populated\">\n\t\t\t\t\t\t<div class=\"elementor-element elementor-element-0259621 elementor-flip-box--effect-fade produit-all elementor-widget elementor-widget-flip-box\" data-id=\"0259621\" data-element_type=\"widget\" data-e-type=\"widget\" data-widget_type=\"flip-box.default\">\n\t\t\t\t<div class=\"elementor-widget-container\">\n\t\t\t\t\t\t\t<div class=\"elementor-flip-box\" tabindex=\"0\">\n\t\t\t<div class=\"elementor-flip-box__layer elementor-flip-box__front\">\n\t\t\t\t<div class=\"elementor-flip-box__layer__overlay\">\n\t\t\t\t\t<div class=\"elementor-flip-box__layer__inner\">\n\t\t\t\t\t\t\t\t\t\t\t\t\t<div class=\"elementor-flip-box__image\">\n\t\t\t\t\t\t\t\t<img fetchpriority=\"high\" decoding=\"async\" width=\"768\" height=\"768\" src=\"https:\/\/www.serinol.com\/wp-content\/uploads\/2021\/04\/Serinol-Solutions-et-e\u0301quipement-de-traitement-des-eaux-Produit-tamis-rotatif-trommel-a-alimentation-interne-sertrom-768x768.jpg\" class=\"attachment-medium_large size-medium_large wp-image-3898\" alt=\"SERTROM FU &amp; FI Serinol tamis rotatif trommel \u00e0 alimentation interne\" srcset=\"https:\/\/www.serinol.com\/wp-content\/uploads\/2021\/04\/Serinol-Solutions-et-e\u0301quipement-de-traitement-des-eaux-Produit-tamis-rotatif-trommel-a-alimentation-interne-sertrom-768x768.jpg 768w, https:\/\/www.serinol.com\/wp-content\/uploads\/2021\/04\/Serinol-Solutions-et-e\u0301quipement-de-traitement-des-eaux-Produit-tamis-rotatif-trommel-a-alimentation-interne-sertrom-300x300.jpg 300w, https:\/\/www.serinol.com\/wp-content\/uploads\/2021\/04\/Serinol-Solutions-et-e\u0301quipement-de-traitement-des-eaux-Produit-tamis-rotatif-trommel-a-alimentation-interne-sertrom-150x150.jpg 150w, https:\/\/www.serinol.com\/wp-content\/uploads\/2021\/04\/Serinol-Solutions-et-e\u0301quipement-de-traitement-des-eaux-Produit-tamis-rotatif-trommel-a-alimentation-interne-sertrom-700x700.jpg 700w, https:\/\/www.serinol.com\/wp-content\/uploads\/2021\/04\/Serinol-Solutions-et-e\u0301quipement-de-traitement-des-eaux-Produit-tamis-rotatif-trommel-a-alimentation-interne-sertrom.jpg 1000w\" sizes=\"(max-width: 768px) 100vw, 768px\" \/>\t\t\t\t\t\t\t<\/div>\n\t\t\t\t\t\t\n\t\t\t\t\t\t\t\t\t\t\t\t\t<h3 class=\"elementor-flip-box__layer__title\">\n\t\t\t\t\t\t\t\tSERTROM FU &amp; FI\t\t\t\t\t\t\t<\/h3>\n\t\t\t\t\t\t\n\t\t\t\t\t\t\t\t\t\t\t\t\t<div class=\"elementor-flip-box__layer__description\">\n\t\t\t\t\t\t\t\tEl tromel de cribado rotativo con alimentaci\u00f3n interna SERTROM-F est\u00e1 construido con chapa de acero inoxidable perforada. El agua bruta se introduce en la parte interior del tambor a trav\u00e9s de un caj\u00f3n de distribuci\u00f3n adaptado. \r\n<\/br>\r\n<\/br>\r\n<\/br>\r\n<a href=\"#\"> Ver el producto<\/a>\t\t\t\t\t\t\t<\/div>\n\t\t\t\t\t\t\t\t\t\t\t<\/div>\n\t\t\t\t<\/div>\n\t\t\t<\/div>\n\t\t\t<a class=\"elementor-flip-box__layer elementor-flip-box__back\" href=\"https:\/\/www.serinol.com\/equipement-de-traitement-des-eaux\/tamis-rotatif\/tambour-a-alimentation-interne-trommel\/sertrom-evo2\/\">\n\t\t\t<div class=\"elementor-flip-box__layer__overlay\">\n\t\t\t\t<div class=\"elementor-flip-box__layer__inner\">\n\t\t\t\t\t\n\t\t\t\t\t\n\t\t\t\t\t\t\t\t\t\t\t<span class=\"elementor-flip-box__button elementor-button elementor-size-sm\">\n\t\t\t\t\t\t\tVer el producto\t\t\t\t\t\t<\/span>\n\t\t\t\t\t\t\t\t<\/div>\n\t\t<\/div>\n\t\t<\/a>\n\t\t<\/div>\n\t\t\t\t\t\t<\/div>\n\t\t\t\t<\/div>\n\t\t\t\t\t<\/div>\n\t\t<\/div>\n\t\t\t\t<div class=\"elementor-column elementor-col-25 elementor-inner-column elementor-element elementor-element-2d022f0\" data-id=\"2d022f0\" data-element_type=\"column\" data-e-type=\"column\">\n\t\t\t<div class=\"elementor-widget-wrap elementor-element-populated\">\n\t\t\t\t\t\t<div class=\"elementor-element elementor-element-390d802 elementor-flip-box--effect-fade produit-all elementor-widget elementor-widget-flip-box\" data-id=\"390d802\" data-element_type=\"widget\" data-e-type=\"widget\" data-widget_type=\"flip-box.default\">\n\t\t\t\t<div class=\"elementor-widget-container\">\n\t\t\t\t\t\t\t<div class=\"elementor-flip-box\" tabindex=\"0\">\n\t\t\t<div class=\"elementor-flip-box__layer elementor-flip-box__front\">\n\t\t\t\t<div class=\"elementor-flip-box__layer__overlay\">\n\t\t\t\t\t<div class=\"elementor-flip-box__layer__inner\">\n\t\t\t\t\t\t\t\t\t\t\t\t\t<div class=\"elementor-flip-box__image\">\n\t\t\t\t\t\t\t\t<img fetchpriority=\"high\" decoding=\"async\" width=\"768\" height=\"768\" src=\"https:\/\/www.serinol.com\/wp-content\/uploads\/2021\/04\/Serinol-Solutions-et-e\u0301quipement-de-traitement-des-eaux-Produit-tamis-rotatif-trommel-a-alimentation-interne-sertrom-768x768.jpg\" class=\"attachment-medium_large size-medium_large wp-image-3898\" alt=\"SERTROM FU &amp; FI Serinol tamis rotatif trommel \u00e0 alimentation interne\" srcset=\"https:\/\/www.serinol.com\/wp-content\/uploads\/2021\/04\/Serinol-Solutions-et-e\u0301quipement-de-traitement-des-eaux-Produit-tamis-rotatif-trommel-a-alimentation-interne-sertrom-768x768.jpg 768w, https:\/\/www.serinol.com\/wp-content\/uploads\/2021\/04\/Serinol-Solutions-et-e\u0301quipement-de-traitement-des-eaux-Produit-tamis-rotatif-trommel-a-alimentation-interne-sertrom-300x300.jpg 300w, https:\/\/www.serinol.com\/wp-content\/uploads\/2021\/04\/Serinol-Solutions-et-e\u0301quipement-de-traitement-des-eaux-Produit-tamis-rotatif-trommel-a-alimentation-interne-sertrom-150x150.jpg 150w, https:\/\/www.serinol.com\/wp-content\/uploads\/2021\/04\/Serinol-Solutions-et-e\u0301quipement-de-traitement-des-eaux-Produit-tamis-rotatif-trommel-a-alimentation-interne-sertrom-700x700.jpg 700w, https:\/\/www.serinol.com\/wp-content\/uploads\/2021\/04\/Serinol-Solutions-et-e\u0301quipement-de-traitement-des-eaux-Produit-tamis-rotatif-trommel-a-alimentation-interne-sertrom.jpg 1000w\" sizes=\"(max-width: 768px) 100vw, 768px\" \/>\t\t\t\t\t\t\t<\/div>\n\t\t\t\t\t\t\n\t\t\t\t\t\t\t\t\t\t\t\t\t<h3 class=\"elementor-flip-box__layer__title\">\n\t\t\t\t\t\t\t\tSERTROM Lodos\t\t\t\t\t\t\t<\/h3>\n\t\t\t\t\t\t\n\t\t\t\t\t\t\t\t\t\t\t\t\t<div class=\"elementor-flip-box__layer__description\">\n\t\t\t\t\t\t\t\tEl tromel de cribado rotativo con alimentaci\u00f3n interna y tambor de drenaje SERTROM-B se utiliza para tratar los lodos procedentes del tratamiento de aguas residuales. El tambor rotativo de drenaje est\u00e1 construido con una chapa de acero inoxidable perforada.\r\n \r\n\r\n<\/br>\r\n<\/br>\r\n<\/br>\r\n<a href=\"#\"> Ver el producto<\/a>\t\t\t\t\t\t\t<\/div>\n\t\t\t\t\t\t\t\t\t\t\t<\/div>\n\t\t\t\t<\/div>\n\t\t\t<\/div>\n\t\t\t<a class=\"elementor-flip-box__layer elementor-flip-box__back\" href=\"https:\/\/www.serinol.com\/sertrom-boues\/\">\n\t\t\t<div class=\"elementor-flip-box__layer__overlay\">\n\t\t\t\t<div class=\"elementor-flip-box__layer__inner\">\n\t\t\t\t\t\n\t\t\t\t\t\n\t\t\t\t\t\t\t\t\t\t\t<span class=\"elementor-flip-box__button elementor-button elementor-size-sm\">\n\t\t\t\t\t\t\tVer el producto\t\t\t\t\t\t<\/span>\n\t\t\t\t\t\t\t\t<\/div>\n\t\t<\/div>\n\t\t<\/a>\n\t\t<\/div>\n\t\t\t\t\t\t<\/div>\n\t\t\t\t<\/div>\n\t\t\t\t\t<\/div>\n\t\t<\/div>\n\t\t\t\t<div class=\"elementor-column elementor-col-25 elementor-inner-column elementor-element elementor-element-a3fb376 elementor-hidden-phone elementor-hidden-tablet\" data-id=\"a3fb376\" data-element_type=\"column\" data-e-type=\"column\">\n\t\t\t<div class=\"elementor-widget-wrap\">\n\t\t\t\t\t\t\t<\/div>\n\t\t<\/div>\n\t\t\t\t\t<\/div>\n\t\t<\/section>\n\t\t\t\t\t<\/div>\n\t\t<\/div>\n\t\t\t\t\t<\/div>\n\t\t<\/section>\n\t\t\t\t<\/div>\n\t\t","protected":false},"excerpt":{"rendered":"<p>Tamiz \u00e0 alimentaci\u00f3n interna &#8211; Trommel Dans nos Trommels SERTROM F et SERTROM, el efluente se introduce por la parte interior del tambor a trav\u00e9s de un caj\u00f3n de distribuci\u00f3n adaptado. El filtrado pasa a trav\u00e9s de las perforaciones, mientras que los productos deshidratados son conducidos a la salida de rechazos por una cinta helicoidal [&hellip;]<\/p>\n","protected":false},"author":1,"featured_media":13318,"parent":13326,"menu_order":0,"comment_status":"closed","ping_status":"closed","template":"","meta":{"footnotes":""},"class_list":["post-13317","page","type-page","status-publish","has-post-thumbnail","hentry"],"_links":{"self":[{"href":"https:\/\/www.serinol.com\/es\/wp-json\/wp\/v2\/pages\/13317","targetHints":{"allow":["GET"]}}],"collection":[{"href":"https:\/\/www.serinol.com\/es\/wp-json\/wp\/v2\/pages"}],"about":[{"href":"https:\/\/www.serinol.com\/es\/wp-json\/wp\/v2\/types\/page"}],"author":[{"embeddable":true,"href":"https:\/\/www.serinol.com\/es\/wp-json\/wp\/v2\/users\/1"}],"replies":[{"embeddable":true,"href":"https:\/\/www.serinol.com\/es\/wp-json\/wp\/v2\/comments?post=13317"}],"version-history":[{"count":0,"href":"https:\/\/www.serinol.com\/es\/wp-json\/wp\/v2\/pages\/13317\/revisions"}],"up":[{"embeddable":true,"href":"https:\/\/www.serinol.com\/es\/wp-json\/wp\/v2\/pages\/13326"}],"wp:featuredmedia":[{"embeddable":true,"href":"https:\/\/www.serinol.com\/es\/wp-json\/wp\/v2\/media\/13318"}],"wp:attachment":[{"href":"https:\/\/www.serinol.com\/es\/wp-json\/wp\/v2\/media?parent=13317"}],"curies":[{"name":"wp","href":"https:\/\/api.w.org\/{rel}","templated":true}]}}